{"id":897,"date":"2022-02-15T14:15:53","date_gmt":"2022-02-15T13:15:53","guid":{"rendered":"https:\/\/www.hagbergkommunikation.se\/video-voiceovers\/"},"modified":"2023-08-20T14:20:48","modified_gmt":"2023-08-20T12:20:48","slug":"video-voiceovers","status":"publish","type":"page","link":"https:\/\/www.hagbergkommunikation.se\/en\/work-samples\/video-voiceovers\/","title":{"rendered":"Video (voiceovers)"},"content":{"rendered":"\n<h2 class=\"wp-block-heading\" id=\"mixad-demoreel\">Mixad Demoreel<\/h2>\n\n<figure class=\"wp-block-video\"><video height=\"720\" style=\"aspect-ratio: 1280 \/ 720;\" width=\"1280\" controls=\"\" src=\"https:\/\/www.hagbergkommunikation.se\/wp-content\/uploads\/2021\/09\/Demoreel-Benmamin-Hagberg-Swedish-Voiceover.mp4\"><\/video><figcaption>Demoreel for Benjamin Hagberg, Swedish voiceover: Mix of mixed voice jobs.<\/figcaption><\/figure>\n\n<h3 class=\"wp-block-heading\" id=\"reklamfilmer-och-trailers\">Commercials and Trailers<\/h3>\n\n<div class=\"wp-block-columns is-layout-flex wp-container-core-columns-is-layout-9d6595d7 wp-block-columns-is-layout-flex\">\n<div class=\"wp-block-column is-layout-flow wp-block-column-is-layout-flow\">\n<figure class=\"wp-block-video\"><video height=\"720\" style=\"aspect-ratio: 1280 \/ 720;\" width=\"1280\" controls=\"\" src=\"https:\/\/www.hagbergkommunikation.se\/wp-content\/uploads\/2021\/09\/Babbel-presents_-An-alien-abroad.-2mn-Version-Sweden.mp4\"><\/video><figcaption>Babbel &#8211; An alien Abroad, Swedish version, dubbing (2018)  <\/figcaption><\/figure>\n<\/div>\n\n\n\n<div class=\"wp-block-column is-layout-flow wp-block-column-is-layout-flow\">\n<figure class=\"wp-block-video\"><video height=\"720\" style=\"aspect-ratio: 1280 \/ 720;\" width=\"1280\" controls=\"\" src=\"https:\/\/www.hagbergkommunikation.se\/wp-content\/uploads\/2021\/09\/dreamMonitor_toysRus_HALLOWEEN_tv_boy_25s_sv_EBU2B_g003.mp4\"><\/video><figcaption>  Commercial Toy&#8217;s N&#8217;Rus (2018)  <\/figcaption><\/figure>\n<\/div>\n<\/div>\n\n<div class=\"wp-block-group\"><div class=\"wp-block-group__inner-container is-layout-flow wp-block-group-is-layout-flow\">\n<div class=\"wp-block-columns is-layout-flex wp-container-core-columns-is-layout-9d6595d7 wp-block-columns-is-layout-flex\">\n<div class=\"wp-block-column is-layout-flow wp-block-column-is-layout-flow\" style=\"flex-basis:100%\">\n<div class=\"wp-block-group\"><div class=\"wp-block-group__inner-container is-layout-flow wp-block-group-is-layout-flow\">\n<div class=\"wp-block-columns is-layout-flex wp-container-core-columns-is-layout-9d6595d7 wp-block-columns-is-layout-flex\">\n<div class=\"wp-block-column is-layout-flow wp-block-column-is-layout-flow\" style=\"flex-basis:100%\">\n<div class=\"wp-block-group\"><div class=\"wp-block-group__inner-container is-layout-flow wp-block-group-is-layout-flow\">\n<figure class=\"wp-block-video\"><video height=\"720\" style=\"aspect-ratio: 1280 \/ 720;\" width=\"1280\" controls=\"\" src=\"https:\/\/www.hagbergkommunikation.se\/wp-content\/uploads\/2022\/02\/Lego_City_Adventures_Trailer.mp4\"><\/video><figcaption>Trailer for Lego City Adventures on NickToons, Nickelodeon.  <\/figcaption><\/figure>\n<\/div><\/div>\n<\/div>\n<\/div>\n<\/div><\/div>\n<\/div>\n<\/div>\n<\/div><\/div>\n\n<div class=\"wp-block-columns is-layout-flex wp-container-core-columns-is-layout-9d6595d7 wp-block-columns-is-layout-flex\">\n<div class=\"wp-block-column is-layout-flow wp-block-column-is-layout-flow\">\n<figure class=\"wp-block-embed is-type-video is-provider-youtube wp-block-embed-youtube wp-embed-aspect-16-9 wp-has-aspect-ratio\"><div class=\"wp-block-embed__wrapper\">\n<iframe loading=\"lazy\" title=\"New \u2013 EPOCH Games | Super Mario\u2122 Blow up! Shaky Tower TV Spot (Swedish)\" width=\"780\" height=\"439\" src=\"https:\/\/www.youtube.com\/embed\/jgAMjuhy5-A?feature=oembed\" frameborder=\"0\" allow=\"accelerometer; autoplay; clipboard-write; encrypted-media; gyroscope; picture-in-picture\" allowfullscreen><\/iframe>\n<\/div><\/figure>\n<\/div>\n\n\n\n<div class=\"wp-block-column is-layout-flow wp-block-column-is-layout-flow\">\n<figure class=\"wp-block-embed is-type-video is-provider-youtube wp-block-embed-youtube wp-embed-aspect-16-9 wp-has-aspect-ratio\"><div class=\"wp-block-embed__wrapper\">\n<iframe loading=\"lazy\" title=\"PAW Patrol Live! Sweden\" width=\"780\" height=\"439\" src=\"https:\/\/www.youtube.com\/embed\/THQAnO4_34Y?feature=oembed\" frameborder=\"0\" allow=\"accelerometer; autoplay; clipboard-write; encrypted-media; gyroscope; picture-in-picture\" allowfullscreen><\/iframe>\n<\/div><figcaption>  Commercial Paw Patrol Live! Sweden (2018)  <\/figcaption><\/figure>\n<\/div>\n<\/div>\n\n<div class=\"wp-block-columns is-layout-flex wp-container-core-columns-is-layout-9d6595d7 wp-block-columns-is-layout-flex\">\n<div class=\"wp-block-column is-layout-flow wp-block-column-is-layout-flow\">\n<figure class=\"wp-block-video\"><video height=\"720\" style=\"aspect-ratio: 1280 \/ 720;\" width=\"1280\" controls=\"\" src=\"https:\/\/www.hagbergkommunikation.se\/wp-content\/uploads\/2021\/09\/PROVEXIN-kan-ge-dig-haret-tillbaka.mp4\"><\/video><figcaption>Commercial Provexin (2018)<\/figcaption><\/figure>\n<\/div>\n\n\n\n<div class=\"wp-block-column is-layout-flow wp-block-column-is-layout-flow\">\n<figure class=\"wp-block-video\"><video height=\"720\" style=\"aspect-ratio: 1280 \/ 720;\" width=\"1280\" controls=\"\" src=\"https:\/\/www.hagbergkommunikation.se\/wp-content\/uploads\/2022\/02\/Villains_Marathon_Nicktoons.mp4\"><\/video><figcaption>Trailer for Marathon of Villains, Nicktoons, Nickelodeon.<\/figcaption><\/figure>\n<\/div>\n<\/div>\n\n<div class=\"wp-block-columns is-layout-flex wp-container-core-columns-is-layout-9d6595d7 wp-block-columns-is-layout-flex\">\n<div class=\"wp-block-column is-layout-flow wp-block-column-is-layout-flow\">\n<figure class=\"wp-block-embed is-type-video is-provider-youtube wp-block-embed-youtube wp-embed-aspect-16-9 wp-has-aspect-ratio\"><div class=\"wp-block-embed__wrapper\">\n<iframe loading=\"lazy\" title=\"Otrason \u2013 Lindring vid allergiska besv\u00e4r\" width=\"780\" height=\"439\" src=\"https:\/\/www.youtube.com\/embed\/27Mo4VMoGx4?feature=oembed\" frameborder=\"0\" allow=\"accelerometer; autoplay; clipboard-write; encrypted-media; gyroscope; picture-in-picture\" allowfullscreen><\/iframe>\n<\/div><figcaption>Advertising for Otrivin Nasal Spray from Otrason (2019)<\/figcaption><\/figure>\n<\/div>\n\n\n\n<div class=\"wp-block-column is-layout-flow wp-block-column-is-layout-flow\">\n<figure class=\"wp-block-embed is-type-video is-provider-youtube wp-block-embed-youtube wp-embed-aspect-16-9 wp-has-aspect-ratio\"><div class=\"wp-block-embed__wrapper\">\n<iframe loading=\"lazy\" title=\"Phlat Ball Rugby Lekia\" width=\"780\" height=\"439\" src=\"https:\/\/www.youtube.com\/embed\/cWPRntqVeL0?feature=oembed\" frameborder=\"0\" allow=\"accelerometer; autoplay; clipboard-write; encrypted-media; gyroscope; picture-in-picture\" allowfullscreen><\/iframe>\n<\/div><figcaption>Commercial for PhlatBall, Lekia. (2016)<\/figcaption><\/figure>\n<\/div>\n<\/div>\n\n<h4 class=\"wp-block-heading\" id=\"explainer-videos\">Explainer videos<\/h4>\n\n<figure class=\"wp-block-embed is-type-video is-provider-youtube wp-block-embed-youtube wp-embed-aspect-16-9 wp-has-aspect-ratio\"><div class=\"wp-block-embed__wrapper\">\n<iframe loading=\"lazy\" title=\"Working Holiday Visa f\u00f6r Japan tillg\u00e4ngligt f\u00f6r Sverige fr\u00e5n april 2020\" width=\"780\" height=\"439\" src=\"https:\/\/www.youtube.com\/embed\/RpNefOPn824?feature=oembed\" frameborder=\"0\" allow=\"accelerometer; autoplay; clipboard-write; encrypted-media; gyroscope; picture-in-picture\" allowfullscreen><\/iframe>\n<\/div><figcaption>Explainer Video for World Unite and GoXplore Sweden (2019)<\/figcaption><\/figure>\n\n<figure class=\"wp-block-embed is-type-video is-provider-youtube wp-block-embed-youtube wp-embed-aspect-16-9 wp-has-aspect-ratio\"><div class=\"wp-block-embed__wrapper\">\n<iframe loading=\"lazy\" title=\"Uppdatering av HP Supports YouTube-kanal | HP Support | HP\" width=\"780\" height=\"439\" src=\"https:\/\/www.youtube.com\/embed\/9G-m10uvM2c?feature=oembed\" frameborder=\"0\" allow=\"accelerometer; autoplay; clipboard-write; encrypted-media; gyroscope; picture-in-picture\" allowfullscreen><\/iframe>\n<\/div><figcaption>One of many Explainer Videos I made for HP since 2016.<\/figcaption><\/figure>\n\n<h2 class=\"wp-block-heading\" id=\"engelska-inlasningar\">English readings<\/h2>\n\n<figure class=\"wp-block-embed is-type-video is-provider-youtube wp-block-embed-youtube wp-embed-aspect-16-9 wp-has-aspect-ratio\"><div class=\"wp-block-embed__wrapper\">\n<iframe loading=\"lazy\" title=\"Conscious Hunters, Episode 1: Viktor Lundstedt\" width=\"780\" height=\"439\" src=\"https:\/\/www.youtube.com\/embed\/AliFzzFdPR8?start=1&#038;feature=oembed\" frameborder=\"0\" allow=\"accelerometer; autoplay; clipboard-write; encrypted-media; gyroscope; picture-in-picture\" allowfullscreen><\/iframe>\n<\/div><figcaption>English narration with a Swedish accent for Fj\u00e4llr\u00e4ven<\/figcaption><\/figure>\n\n<figure class=\"wp-block-embed is-type-video is-provider-youtube wp-block-embed-youtube wp-embed-aspect-16-9 wp-has-aspect-ratio\"><div class=\"wp-block-embed__wrapper\">\n<iframe loading=\"lazy\" title=\"Stockholm Architecture\" width=\"780\" height=\"439\" src=\"https:\/\/www.youtube.com\/embed\/p-wEesIUzqs?feature=oembed\" frameborder=\"0\" allow=\"accelerometer; autoplay; clipboard-write; encrypted-media; gyroscope; picture-in-picture\" allowfullscreen><\/iframe>\n<\/div><figcaption>English learning about Stockholm Architecture for Bluebeam<\/figcaption><\/figure>\n\n<figure class=\"wp-block-video\"><video height=\"720\" style=\"aspect-ratio: 1280 \/ 720;\" width=\"1280\" controls=\"\" src=\"https:\/\/www.hagbergkommunikation.se\/wp-content\/uploads\/2022\/02\/English-demoreel.mp4\"><\/video><figcaption>English narration with Swedish accent<\/figcaption><\/figure>\n\n<figure class=\"wp-block-embed is-type-video is-provider-youtube wp-block-embed-youtube wp-embed-aspect-16-9 wp-has-aspect-ratio\"><div class=\"wp-block-embed__wrapper\">\n<iframe loading=\"lazy\" title=\"The Lie That Helped Build Nintendo | IGN Inside Stories\" width=\"780\" height=\"439\" src=\"https:\/\/www.youtube.com\/embed\/SKgL8u4CPJ8?start=763&#038;feature=oembed\" frameborder=\"0\" allow=\"accelerometer; autoplay; clipboard-write; encrypted-media; gyroscope; picture-in-picture\" allowfullscreen><\/iframe>\n<\/div><\/figure>\n\n<p>Youtube documentary where I read quotes from Owe Bergstr\u00f6m (CEO of Bergsala AB) in English with a Swedish accent. An interesting documentary about how Bergsala brought Nintendo to Sweden.  <\/p>\n","protected":false},"excerpt":{"rendered":"<p>Mixad Demoreel Commercials and Trailers Explainer videos English readings Youtube documentary where I read quotes from Owe Bergstr\u00f6m (CEO of&hellip; <a class=\"read-more\" href=\"https:\/\/www.hagbergkommunikation.se\/en\/work-samples\/video-voiceovers\/\">Read more <span class=\"screen-reader-text\">Video (voiceovers)<\/span><\/a><\/p>\n","protected":false},"author":2,"featured_media":0,"parent":911,"menu_order":0,"comment_status":"closed","ping_status":"closed","template":"","meta":{"footnotes":""},"class_list":["post-897","page","type-page","status-publish","hentry"],"yoast_head":"<!-- This site is optimized with the Yoast SEO plugin v27.4 - https:\/\/yoast.com\/product\/yoast-seo-wordpress\/ -->\n<title>Video (voiceovers) - Hagberg kommunikation<\/title>\n<meta name=\"robots\" content=\"index, follow, max-snippet:-1, max-image-preview:large, max-video-preview:-1\" \/>\n<link rel=\"canonical\" href=\"https:\/\/www.hagbergkommunikation.se\/en\/work-samples\/video-voiceovers\/\" \/>\n<meta property=\"og:locale\" content=\"en_US\" \/>\n<meta property=\"og:type\" content=\"article\" \/>\n<meta property=\"og:title\" content=\"Video (voiceovers) - Hagberg kommunikation\" \/>\n<meta property=\"og:description\" content=\"Mixad Demoreel Commercials and Trailers Explainer videos English readings Youtube documentary where I read quotes from Owe Bergstr\u00f6m (CEO of&hellip; Read more Video (voiceovers)\" \/>\n<meta property=\"og:url\" content=\"https:\/\/www.hagbergkommunikation.se\/en\/work-samples\/video-voiceovers\/\" \/>\n<meta property=\"og:site_name\" content=\"Hagberg kommunikation\" \/>\n<meta property=\"article:modified_time\" content=\"2023-08-20T12:20:48+00:00\" \/>\n<meta name=\"twitter:card\" content=\"summary_large_image\" \/>\n<meta name=\"twitter:label1\" content=\"Est. reading time\" \/>\n\t<meta name=\"twitter:data1\" content=\"1 minute\" \/>\n<script type=\"application\/ld+json\" class=\"yoast-schema-graph\">{\"@context\":\"https:\\\/\\\/schema.org\",\"@graph\":[{\"@type\":\"WebPage\",\"@id\":\"https:\\\/\\\/www.hagbergkommunikation.se\\\/en\\\/work-samples\\\/video-voiceovers\\\/\",\"url\":\"https:\\\/\\\/www.hagbergkommunikation.se\\\/en\\\/work-samples\\\/video-voiceovers\\\/\",\"name\":\"Video (voiceovers) - Hagberg kommunikation\",\"isPartOf\":{\"@id\":\"https:\\\/\\\/www.hagbergkommunikation.se\\\/en\\\/#website\"},\"datePublished\":\"2022-02-15T13:15:53+00:00\",\"dateModified\":\"2023-08-20T12:20:48+00:00\",\"breadcrumb\":{\"@id\":\"https:\\\/\\\/www.hagbergkommunikation.se\\\/en\\\/work-samples\\\/video-voiceovers\\\/#breadcrumb\"},\"inLanguage\":\"en-US\",\"potentialAction\":[{\"@type\":\"ReadAction\",\"target\":[\"https:\\\/\\\/www.hagbergkommunikation.se\\\/en\\\/work-samples\\\/video-voiceovers\\\/\"]}]},{\"@type\":\"BreadcrumbList\",\"@id\":\"https:\\\/\\\/www.hagbergkommunikation.se\\\/en\\\/work-samples\\\/video-voiceovers\\\/#breadcrumb\",\"itemListElement\":[{\"@type\":\"ListItem\",\"position\":1,\"name\":\"Hem\",\"item\":\"https:\\\/\\\/www.hagbergkommunikation.se\\\/en\\\/\"},{\"@type\":\"ListItem\",\"position\":2,\"name\":\"Work samples\",\"item\":\"https:\\\/\\\/www.hagbergkommunikation.se\\\/en\\\/work-samples\\\/\"},{\"@type\":\"ListItem\",\"position\":3,\"name\":\"Video (voiceovers)\"}]},{\"@type\":\"WebSite\",\"@id\":\"https:\\\/\\\/www.hagbergkommunikation.se\\\/en\\\/#website\",\"url\":\"https:\\\/\\\/www.hagbergkommunikation.se\\\/en\\\/\",\"name\":\"Hagberg kommunikation\",\"description\":\"Hur man talar betyder mycket n\u00e4r man vill n\u00e5 ut\",\"potentialAction\":[{\"@type\":\"SearchAction\",\"target\":{\"@type\":\"EntryPoint\",\"urlTemplate\":\"https:\\\/\\\/www.hagbergkommunikation.se\\\/en\\\/?s={search_term_string}\"},\"query-input\":{\"@type\":\"PropertyValueSpecification\",\"valueRequired\":true,\"valueName\":\"search_term_string\"}}],\"inLanguage\":\"en-US\"}]}<\/script>\n<!-- \/ Yoast SEO plugin. -->","yoast_head_json":{"title":"Video (voiceovers) - Hagberg kommunikation","robots":{"index":"index","follow":"follow","max-snippet":"max-snippet:-1","max-image-preview":"max-image-preview:large","max-video-preview":"max-video-preview:-1"},"canonical":"https:\/\/www.hagbergkommunikation.se\/en\/work-samples\/video-voiceovers\/","og_locale":"en_US","og_type":"article","og_title":"Video (voiceovers) - Hagberg kommunikation","og_description":"Mixad Demoreel Commercials and Trailers Explainer videos English readings Youtube documentary where I read quotes from Owe Bergstr\u00f6m (CEO of&hellip; Read more Video (voiceovers)","og_url":"https:\/\/www.hagbergkommunikation.se\/en\/work-samples\/video-voiceovers\/","og_site_name":"Hagberg kommunikation","article_modified_time":"2023-08-20T12:20:48+00:00","twitter_card":"summary_large_image","twitter_misc":{"Est. reading time":"1 minute"},"schema":{"@context":"https:\/\/schema.org","@graph":[{"@type":"WebPage","@id":"https:\/\/www.hagbergkommunikation.se\/en\/work-samples\/video-voiceovers\/","url":"https:\/\/www.hagbergkommunikation.se\/en\/work-samples\/video-voiceovers\/","name":"Video (voiceovers) - Hagberg kommunikation","isPartOf":{"@id":"https:\/\/www.hagbergkommunikation.se\/en\/#website"},"datePublished":"2022-02-15T13:15:53+00:00","dateModified":"2023-08-20T12:20:48+00:00","breadcrumb":{"@id":"https:\/\/www.hagbergkommunikation.se\/en\/work-samples\/video-voiceovers\/#breadcrumb"},"inLanguage":"en-US","potentialAction":[{"@type":"ReadAction","target":["https:\/\/www.hagbergkommunikation.se\/en\/work-samples\/video-voiceovers\/"]}]},{"@type":"BreadcrumbList","@id":"https:\/\/www.hagbergkommunikation.se\/en\/work-samples\/video-voiceovers\/#breadcrumb","itemListElement":[{"@type":"ListItem","position":1,"name":"Hem","item":"https:\/\/www.hagbergkommunikation.se\/en\/"},{"@type":"ListItem","position":2,"name":"Work samples","item":"https:\/\/www.hagbergkommunikation.se\/en\/work-samples\/"},{"@type":"ListItem","position":3,"name":"Video (voiceovers)"}]},{"@type":"WebSite","@id":"https:\/\/www.hagbergkommunikation.se\/en\/#website","url":"https:\/\/www.hagbergkommunikation.se\/en\/","name":"Hagberg kommunikation","description":"Hur man talar betyder mycket n\u00e4r man vill n\u00e5 ut","potentialAction":[{"@type":"SearchAction","target":{"@type":"EntryPoint","urlTemplate":"https:\/\/www.hagbergkommunikation.se\/en\/?s={search_term_string}"},"query-input":{"@type":"PropertyValueSpecification","valueRequired":true,"valueName":"search_term_string"}}],"inLanguage":"en-US"}]}},"_links":{"self":[{"href":"https:\/\/www.hagbergkommunikation.se\/en\/wp-json\/wp\/v2\/pages\/897","targetHints":{"allow":["GET"]}}],"collection":[{"href":"https:\/\/www.hagbergkommunikation.se\/en\/wp-json\/wp\/v2\/pages"}],"about":[{"href":"https:\/\/www.hagbergkommunikation.se\/en\/wp-json\/wp\/v2\/types\/page"}],"author":[{"embeddable":true,"href":"https:\/\/www.hagbergkommunikation.se\/en\/wp-json\/wp\/v2\/users\/2"}],"replies":[{"embeddable":true,"href":"https:\/\/www.hagbergkommunikation.se\/en\/wp-json\/wp\/v2\/comments?post=897"}],"version-history":[{"count":4,"href":"https:\/\/www.hagbergkommunikation.se\/en\/wp-json\/wp\/v2\/pages\/897\/revisions"}],"predecessor-version":[{"id":1048,"href":"https:\/\/www.hagbergkommunikation.se\/en\/wp-json\/wp\/v2\/pages\/897\/revisions\/1048"}],"up":[{"embeddable":true,"href":"https:\/\/www.hagbergkommunikation.se\/en\/wp-json\/wp\/v2\/pages\/911"}],"wp:attachment":[{"href":"https:\/\/www.hagbergkommunikation.se\/en\/wp-json\/wp\/v2\/media?parent=897"}],"curies":[{"name":"wp","href":"https:\/\/api.w.org\/{rel}","templated":true}]}}