{"id":908,"date":"2021-01-31T17:28:23","date_gmt":"2021-01-31T16:28:23","guid":{"rendered":"https:\/\/www.hagbergkommunikation.se\/home\/"},"modified":"2026-04-29T12:59:48","modified_gmt":"2026-04-29T10:59:48","slug":"home","status":"publish","type":"page","link":"https:\/\/www.hagbergkommunikation.se\/en\/","title":{"rendered":"Home"},"content":{"rendered":"\n<h1 class=\"wp-block-heading\" id=\"professionell-inlasare-och-rostskadespelare\">Professional Swedish voice over<\/h1>\n\n<blockquote class=\"wp-block-quote is-style-default is-layout-flow wp-block-quote-is-layout-flow\">\n<p><mark style=\"background-color:rgba(0, 0, 0, 0);color:#95b00f\" class=\"has-inline-color\">How you speak matters a lot when you want to reach out.<\/mark><\/p>\n<\/blockquote>\n\n<figure class=\"wp-block-video\"><video height=\"720\" style=\"aspect-ratio: 1280 \/ 720;\" width=\"1280\" autoplay=\"\" controls=\"\" loop=\"\" muted=\"\" src=\"https:\/\/www.hagbergkommunikation.se\/wp-content\/uploads\/2025\/10\/Videoreel-updaterad-hemsidan.webm\"><\/video><\/figure>\n\n<p><\/p>\n\n<p>Need a professional voice for your project? Then you have come to the right place! I am a professional Swedish narrator and voice actor with experience from over a thousand voice jobs and have my own home studio.  <\/p>\n\n<p>I have worked for almost a decade with narrations and do jobs in all kinds of genres such as commercials, explainer videos, e-learning, dubbing, IVR, audiobooks, events, speech synthesizers and much more. I am, among other things, the Swedish voice of Nicktoon&#8217;s trailers on Nickelodeon and the voiceover in Otrivin&#8217;s commercials for nasal spray. I was also the voice for many years for Vik\u00f6perdinbil&#8217;s campaigns with TV and online advertising.   Listen to some of my work samples below or watch some of the <a href=\"https:\/\/www.hagbergkommunikation.se\/en\/work-samples\/video-voiceovers\/\">videos<\/a> available on the website.  <\/p>\n\n<p>I also read a lot of audiobooks and you can find my portfolio on Storytel <a href=\"https:\/\/www.storytel.com\/se\/sv\/narrators\/86094-Benjamin-Hagberg\">here<\/a>, one of many platforms where I am represented as an audiobook reader. I also do readings in English with a Swedish accent.<\/p>\n\n<div class=\"wp-block-columns is-layout-flex wp-container-core-columns-is-layout-9d6595d7 wp-block-columns-is-layout-flex\">\n<div class=\"wp-block-column is-layout-flow wp-block-column-is-layout-flow\" style=\"flex-basis:66.66%\">\n<hr class=\"wp-block-separator has-css-opacity\"\/>\n\n\n\n<div class=\"wp-block-columns is-layout-flex wp-container-core-columns-is-layout-9d6595d7 wp-block-columns-is-layout-flex\">\n<div class=\"wp-block-column is-layout-flow wp-block-column-is-layout-flow\" style=\"flex-basis:60%\">\n<figure class=\"wp-block-audio\"><audio controls=\"\" src=\"https:\/\/www.hagbergkommunikation.se\/wp-content\/uploads\/2025\/10\/Reklam_Upbeat.mp3\"><\/audio><\/figure>\n<\/div>\n\n\n\n<div class=\"wp-block-column is-layout-flow wp-block-column-is-layout-flow\" style=\"flex-basis:35%\">\n<p>Advertising &#8211; Upbeat\/energy<\/p>\n<\/div>\n<\/div>\n\n\n\n<div class=\"wp-block-columns is-layout-flex wp-container-core-columns-is-layout-9d6595d7 wp-block-columns-is-layout-flex\">\n<div class=\"wp-block-column is-layout-flow wp-block-column-is-layout-flow\" style=\"flex-basis:60%\">\n<figure class=\"wp-block-audio\"><audio controls=\"\" src=\"https:\/\/www.hagbergkommunikation.se\/wp-content\/uploads\/2021\/02\/Explainer-video-demoreel.mp3\"><\/audio><\/figure>\n<\/div>\n\n\n\n<div class=\"wp-block-column is-layout-flow wp-block-column-is-layout-flow\" style=\"flex-basis:35%\">\n<p>Explainer videos<\/p>\n<\/div>\n<\/div>\n\n\n\n<div class=\"wp-block-columns is-layout-flex wp-container-core-columns-is-layout-9d6595d7 wp-block-columns-is-layout-flex\">\n<div class=\"wp-block-column is-layout-flow wp-block-column-is-layout-flow\" style=\"flex-basis:60%\">\n<figure class=\"wp-block-audio\"><audio controls=\"\" src=\"https:\/\/www.hagbergkommunikation.se\/wp-content\/uploads\/2022\/03\/Voice123-benjamin_hagberg_elearning_homestudio-Benjamin-Hagberg-1.mp3\"><\/audio><\/figure>\n<\/div>\n\n\n\n<div class=\"wp-block-column is-layout-flow wp-block-column-is-layout-flow\" style=\"flex-basis:35%\">\n<p>E-learning<\/p>\n<\/div>\n<\/div>\n\n\n\n<div class=\"wp-block-columns is-layout-flex wp-container-core-columns-is-layout-9d6595d7 wp-block-columns-is-layout-flex\">\n<div class=\"wp-block-column is-layout-flow wp-block-column-is-layout-flow\" style=\"flex-basis:60%\">\n<figure class=\"wp-block-audio\"><audio controls=\"\" src=\"https:\/\/www.hagbergkommunikation.se\/wp-content\/uploads\/2022\/10\/b_h_characters_demo.mp3\"><\/audio><\/figure>\n<\/div>\n\n\n\n<div class=\"wp-block-column is-layout-flow wp-block-column-is-layout-flow\" style=\"flex-basis:35%\">\n<p>Character voices\/imitations<\/p>\n<\/div>\n<\/div>\n\n\n\n<div class=\"wp-block-columns is-layout-flex wp-container-core-columns-is-layout-9d6595d7 wp-block-columns-is-layout-flex\">\n<div class=\"wp-block-column is-layout-flow wp-block-column-is-layout-flow\" style=\"flex-basis:60%\">\n<figure class=\"wp-block-audio\"><audio controls=\"\" src=\"https:\/\/www.hagbergkommunikation.se\/wp-content\/uploads\/2025\/10\/Mr_Chips_Kap5.mp3\"><\/audio><\/figure>\n<\/div>\n\n\n\n<div class=\"wp-block-column is-layout-flow wp-block-column-is-layout-flow\" style=\"flex-basis:35%\">\n<p>Audio book<\/p>\n<\/div>\n<\/div>\n\n\n\n<div class=\"wp-block-columns is-layout-flex wp-container-core-columns-is-layout-9d6595d7 wp-block-columns-is-layout-flex\">\n<div class=\"wp-block-column is-layout-flow wp-block-column-is-layout-flow\" style=\"flex-basis:60%\">\n<figure class=\"wp-block-audio\"><audio controls=\"\" src=\"https:\/\/www.hagbergkommunikation.se\/wp-content\/uploads\/2022\/03\/Bilar_ljudprov.mp3\"><\/audio><\/figure>\n<\/div>\n\n\n\n<div class=\"wp-block-column is-layout-flow wp-block-column-is-layout-flow\" style=\"flex-basis:35%\">\n<p>Audio book children\/youth<\/p>\n<\/div>\n<\/div>\n\n\n\n<div class=\"wp-block-columns is-layout-flex wp-container-core-columns-is-layout-9d6595d7 wp-block-columns-is-layout-flex\">\n<div class=\"wp-block-column is-layout-flow wp-block-column-is-layout-flow\" style=\"flex-basis:60%\">\n<figure class=\"wp-block-audio\"><audio controls=\"\" src=\"https:\/\/www.hagbergkommunikation.se\/wp-content\/uploads\/2021\/02\/english_swedish_b_h.mp3\"><\/audio><\/figure>\n<\/div>\n\n\n\n<div class=\"wp-block-column is-layout-flow wp-block-column-is-layout-flow\" style=\"flex-basis:35%\">\n<p>English<\/p>\n<\/div>\n<\/div>\n\n\n\n<hr class=\"wp-block-separator has-css-opacity\"\/>\n<\/div>\n\n\n\n<div class=\"wp-block-column is-layout-flow wp-block-column-is-layout-flow\" style=\"flex-basis:33.33%\">\n<figure class=\"wp-block-image size-large\"><img loading=\"lazy\" decoding=\"async\" width=\"400\" height=\"863\" src=\"https:\/\/www.hagbergkommunikation.se\/wp-content\/uploads\/2021\/01\/benjamin_start2-2.png\" alt=\"\" class=\"wp-image-37\" srcset=\"https:\/\/www.hagbergkommunikation.se\/wp-content\/uploads\/2021\/01\/benjamin_start2-2.png 400w, https:\/\/www.hagbergkommunikation.se\/wp-content\/uploads\/2021\/01\/benjamin_start2-2-139x300.png 139w\" sizes=\"auto, (max-width: 400px) 100vw, 400px\" \/><\/figure>\n\n\n\n<p><\/p>\n<\/div>\n<\/div>\n\n<p>Please contact me if you are interested in hiring me as a voice for your project. I run my own business and invoice for work. Do you have the script ready but are unsure if my voice would be suitable for your project? Contact me for a free demo.<\/p>\n\n<div class=\"wpcf7 no-js\" id=\"wpcf7-f1137-o1\" lang=\"sv-SE\" dir=\"ltr\" data-wpcf7-id=\"1137\">\n<div class=\"screen-reader-response\"><p role=\"status\" aria-live=\"polite\" aria-atomic=\"true\"><\/p> <ul><\/ul><\/div>\n<form action=\"\/en\/wp-json\/wp\/v2\/pages\/908#wpcf7-f1137-o1\" method=\"post\" class=\"wpcf7-form init\" aria-label=\"Kontaktformul\u00e4r\" novalidate=\"novalidate\" data-status=\"init\">\n<fieldset class=\"hidden-fields-container\"><input type=\"hidden\" name=\"_wpcf7\" value=\"1137\" \/><input type=\"hidden\" name=\"_wpcf7_version\" value=\"6.1.2\" \/><input type=\"hidden\" name=\"_wpcf7_locale\" value=\"sv_SE\" \/><input type=\"hidden\" name=\"_wpcf7_unit_tag\" value=\"wpcf7-f1137-o1\" \/><input type=\"hidden\" name=\"_wpcf7_container_post\" value=\"0\" \/><input type=\"hidden\" name=\"_wpcf7_posted_data_hash\" value=\"\" \/>\n<\/fieldset>\n<p><label> Ditt namn<br \/>\n<span class=\"wpcf7-form-control-wrap\" data-name=\"your-name\"><input size=\"40\" maxlength=\"400\" class=\"wpcf7-form-control wpcf7-text wpcf7-validates-as-required\" autocomplete=\"name\" aria-required=\"true\" aria-invalid=\"false\" value=\"\" type=\"text\" name=\"your-name\" \/><\/span> <\/label>\n<\/p>\n<p><label> Din e-post<br \/>\n<span class=\"wpcf7-form-control-wrap\" data-name=\"your-email\"><input size=\"40\" maxlength=\"400\" class=\"wpcf7-form-control wpcf7-email wpcf7-validates-as-required wpcf7-text wpcf7-validates-as-email\" autocomplete=\"email\" aria-required=\"true\" aria-invalid=\"false\" value=\"\" type=\"email\" name=\"your-email\" \/><\/span> <\/label>\n<\/p>\n<p><label> \u00c4mne<br \/>\n<span class=\"wpcf7-form-control-wrap\" data-name=\"your-subject\"><input size=\"40\" maxlength=\"400\" class=\"wpcf7-form-control wpcf7-text wpcf7-validates-as-required\" aria-required=\"true\" aria-invalid=\"false\" value=\"\" type=\"text\" name=\"your-subject\" \/><\/span> <\/label>\n<\/p>\n<p><label> Ditt meddelande (valfritt)<br \/>\n<span class=\"wpcf7-form-control-wrap\" data-name=\"your-message\"><textarea cols=\"40\" rows=\"10\" maxlength=\"2000\" class=\"wpcf7-form-control wpcf7-textarea\" aria-invalid=\"false\" name=\"your-message\"><\/textarea><\/span> <\/label>\n<\/p>\n<p><span class=\"wpcf7-form-control-wrap\" data-name=\"quiz-553\"><label><span class=\"wpcf7-quiz-label\">The capital of Sweden?<\/span> <input size=\"40\" class=\"wpcf7-form-control wpcf7-quiz\" autocomplete=\"off\" aria-required=\"true\" aria-invalid=\"false\" type=\"text\" name=\"quiz-553\" \/><\/label><input type=\"hidden\" name=\"_wpcf7_quiz_answer_quiz-553\" value=\"b79246a119a34e7ddb523f3328cb73a0\" \/><\/span><br \/>\n<input class=\"wpcf7-form-control wpcf7-submit has-spinner\" type=\"submit\" value=\"Skicka\" \/>\n<\/p><p style=\"display: none !important;\" class=\"akismet-fields-container\" data-prefix=\"_wpcf7_ak_\"><label>&#916;<textarea name=\"_wpcf7_ak_hp_textarea\" cols=\"45\" rows=\"8\" maxlength=\"100\"><\/textarea><\/label><input type=\"hidden\" id=\"ak_js_1\" name=\"_wpcf7_ak_js\" value=\"155\"\/><script type=\"text\/javascript\">\n\/* <![CDATA[ *\/\ndocument.getElementById( \"ak_js_1\" ).setAttribute( \"value\", ( new Date() ).getTime() );\n\/* ]]> *\/\n<\/script>\n<\/p><div class=\"wpcf7-response-output\" aria-hidden=\"true\"><\/div>\n<\/form>\n<\/div>\n\n\n<p>I also offer live sessions from my studio booth, where clients can listen in and give direction\/feedback on the recording.  <\/p>\n\n<p>Feel free to check out the rest of my website. There are more <a href=\"https:\/\/www.hagbergkommunikation.se\/en\/work-samples\/\">voice samples<\/a> as well as my page with <a href=\"https:\/\/www.hagbergkommunikation.se\/en\/merits\/\">qualifications, training and CV<\/a>.<\/p>\n\n<h2 class=\"wp-block-heading\" id=\"min-studioutrustning\"><strong>My studio equipment<\/strong><\/h2>\n\n<p>Professional sound booth ECO-100 from Demvox. Microphone Neumann TLM-102, sound card Universal Audio Apollo Twin, DAW Cubase Elements 10.<\/p>\n\n<h2 class=\"wp-block-heading\" id=\"referenser-och-omdomen\">References and testimonials:<\/h2>\n\n<p><em>&#8220;Benjamin read syllables in video format [&#8230;] I chose him because his diction and sonorous voice is clear and comfortable. Benjamin is a voice professional. In addition, he read 1500 words that will also be used in the program. [&#8230;] I am completely satisfied.&#8221;<\/em><\/p>\n\n<p>Pelle Lindbl\u00e5, Lindbl\u00e5 L\u00e4s &amp; Skrivutveckling AB<\/p>\n\n<p><i>&#8220;Tmp has been working with Benjamin for many years and has always been satisfied. His recordings are of a high standard   <\/i><em style=\"font-style: italic;\">quality<\/em>, good reading and ability to match tone to content<em>et. Benjamin is reliable, always delivers good craftsmanship, minimal misreadings and good <em style=\"font-style: italic;\">sound<\/em> quality <\/em>. <em>&#8220;<\/em><\/p>\n\n<p>Jan Nordbring and Per Nordbring, TMP Voices Sweden<\/p>\n\n<p><strong>Clients I have worked for (in selection):  <\/strong><\/p>\n\n<p>Apple, Babbel, Biltema, Burger King, CSN, F\u00f6rs\u00e4kringskassan, HTC, Huel, Lekia, Lufthansa, Nickelodeon, Naturv\u00e5rdsverket, M\u00e4klarhuset, Otrivin, Spotify, Skolverket, Trafikverket, TV4.<\/p>\n\n<p><strong>Here are some of the voice agencies I work with:<\/strong><\/p>\n<div class=\"wp-block-image is-style-default\">\n<figure class=\"alignleft size-large\"><img loading=\"lazy\" decoding=\"async\" width=\"193\" height=\"68\" src=\"https:\/\/www.hagbergkommunikation.se\/wp-content\/uploads\/2021\/02\/TMP_logga.png\" alt=\"\" class=\"wp-image-191\"\/><\/figure>\n<\/div><div class=\"wp-block-image is-style-default\">\n<figure class=\"alignleft size-large\"><img loading=\"lazy\" decoding=\"async\" width=\"184\" height=\"47\" src=\"https:\/\/www.hagbergkommunikation.se\/wp-content\/uploads\/2021\/02\/voicetome_logo.png\" alt=\"\" class=\"wp-image-194\"\/><\/figure>\n<\/div>\n<figure class=\"wp-block-image size-full is-resized is-style-default\"><img loading=\"lazy\" decoding=\"async\" width=\"225\" height=\"225\" src=\"https:\/\/www.hagbergkommunikation.se\/wp-content\/uploads\/2022\/02\/onlinevoices.png\" alt=\"\" class=\"wp-image-714\" style=\"width:86px;height:86px\" srcset=\"https:\/\/www.hagbergkommunikation.se\/wp-content\/uploads\/2022\/02\/onlinevoices.png 225w, https:\/\/www.hagbergkommunikation.se\/wp-content\/uploads\/2022\/02\/onlinevoices-150x150.png 150w\" sizes=\"auto, (max-width: 225px) 100vw, 225px\" \/><\/figure>\n<div class=\"wp-block-image is-style-default\">\n<figure class=\"alignleft size-large\"><img loading=\"lazy\" decoding=\"async\" width=\"120\" height=\"68\" src=\"https:\/\/www.hagbergkommunikation.se\/wp-content\/uploads\/2021\/02\/logo_20post.gif\" alt=\"\" class=\"wp-image-148\"\/><\/figure>\n<\/div><div class=\"wp-block-image is-style-default\">\n<figure class=\"alignleft size-large\"><img loading=\"lazy\" decoding=\"async\" width=\"106\" height=\"40\" src=\"https:\/\/www.hagbergkommunikation.se\/wp-content\/uploads\/2021\/02\/tonic_logo.png\" alt=\"\" class=\"wp-image-192\"\/><\/figure>\n<\/div><div class=\"wp-block-image is-style-default\">\n<figure class=\"alignleft size-large\"><img loading=\"lazy\" decoding=\"async\" width=\"150\" height=\"16\" src=\"https:\/\/www.hagbergkommunikation.se\/wp-content\/uploads\/2021\/02\/NU_Logo.png\" alt=\"\" class=\"wp-image-160\"\/><\/figure>\n<\/div><div class=\"wp-block-image is-style-default\">\n<figure class=\"alignleft size-large\"><img loading=\"lazy\" decoding=\"async\" width=\"200\" height=\"52\" src=\"https:\/\/www.hagbergkommunikation.se\/wp-content\/uploads\/2021\/02\/swartling_logo.png\" alt=\"\" class=\"wp-image-188\"\/><\/figure>\n<\/div><div class=\"wp-block-image is-style-default\">\n<figure class=\"alignleft size-large\"><img loading=\"lazy\" decoding=\"async\" width=\"126\" height=\"68\" src=\"https:\/\/www.hagbergkommunikation.se\/wp-content\/uploads\/2021\/02\/dobedai_logo.png\" alt=\"\" class=\"wp-image-130\"\/><\/figure>\n<\/div><div class=\"wp-block-image is-style-default\">\n<figure class=\"alignleft size-large\"><img loading=\"lazy\" decoding=\"async\" width=\"160\" height=\"50\" src=\"https:\/\/www.hagbergkommunikation.se\/wp-content\/uploads\/2021\/02\/voice123_logo.png\" alt=\"\" class=\"wp-image-193\"\/><\/figure>\n<\/div>\n<figure class=\"wp-block-image size-large is-resized is-style-default\"><img loading=\"lazy\" decoding=\"async\" width=\"150\" height=\"42\" src=\"https:\/\/www.hagbergkommunikation.se\/wp-content\/uploads\/2021\/02\/code24logga.png\" alt=\"\" class=\"wp-image-126\" style=\"width:150px;height:42px\"\/><\/figure>\n","protected":false},"excerpt":{"rendered":"<p>Professional Swedish voice over How you speak matters a lot when you want to reach out. Need a professional voice&hellip; <a class=\"read-more\" href=\"https:\/\/www.hagbergkommunikation.se\/en\/\">Read more <span class=\"screen-reader-text\">Home<\/span><\/a><\/p>\n","protected":false},"author":1,"featured_media":0,"parent":0,"menu_order":1,"comment_status":"closed","ping_status":"closed","template":"page-templates\/front-page.php","meta":{"footnotes":""},"class_list":["post-908","page","type-page","status-publish","hentry"],"yoast_head":"<!-- This site is optimized with the Yoast SEO plugin v27.5 - https:\/\/yoast.com\/product\/yoast-seo-wordpress\/ -->\n<title>Benjamin Hagberg - Professional voice over and voice actor<\/title>\n<meta name=\"description\" content=\"Professional voice over and voice actor for commercials, web films, e-learning, audio books, IVR and much more. Also English narration with Swedish accent.\" \/>\n<meta name=\"robots\" content=\"index, follow, max-snippet:-1, max-image-preview:large, max-video-preview:-1\" \/>\n<link rel=\"canonical\" href=\"https:\/\/www.hagbergkommunikation.se\/en\/\" \/>\n<meta property=\"og:locale\" content=\"en_US\" \/>\n<meta property=\"og:type\" content=\"article\" \/>\n<meta property=\"og:title\" content=\"Benjamin Hagberg - Professional voice over and voice actor\" \/>\n<meta property=\"og:description\" content=\"Professional voice over and voice actor for commercials, web films, e-learning, audio books, IVR and much more. Also English narration with Swedish accent.\" \/>\n<meta property=\"og:url\" content=\"https:\/\/www.hagbergkommunikation.se\/en\/\" \/>\n<meta property=\"og:site_name\" content=\"Hagberg kommunikation\" \/>\n<meta property=\"article:modified_time\" content=\"2026-04-29T10:59:48+00:00\" \/>\n<meta property=\"og:image\" content=\"https:\/\/www.hagbergkommunikation.se\/wp-content\/uploads\/2021\/01\/benjamin_start2-2.png\" \/>\n\t<meta property=\"og:image:width\" content=\"400\" \/>\n\t<meta property=\"og:image:height\" content=\"863\" \/>\n\t<meta property=\"og:image:type\" content=\"image\/png\" \/>\n<meta name=\"twitter:card\" content=\"summary_large_image\" \/>\n<meta name=\"twitter:label1\" content=\"Est. reading time\" \/>\n\t<meta name=\"twitter:data1\" content=\"5 minutes\" \/>\n<script type=\"application\/ld+json\" class=\"yoast-schema-graph\">{\"@context\":\"https:\\\/\\\/schema.org\",\"@graph\":[{\"@type\":\"WebPage\",\"@id\":\"https:\\\/\\\/www.hagbergkommunikation.se\\\/en\\\/\",\"url\":\"https:\\\/\\\/www.hagbergkommunikation.se\\\/en\\\/\",\"name\":\"Benjamin Hagberg - Professional voice over and voice actor\",\"isPartOf\":{\"@id\":\"https:\\\/\\\/www.hagbergkommunikation.se\\\/en\\\/#website\"},\"primaryImageOfPage\":{\"@id\":\"https:\\\/\\\/www.hagbergkommunikation.se\\\/en\\\/#primaryimage\"},\"image\":{\"@id\":\"https:\\\/\\\/www.hagbergkommunikation.se\\\/en\\\/#primaryimage\"},\"thumbnailUrl\":\"https:\\\/\\\/www.hagbergkommunikation.se\\\/wp-content\\\/uploads\\\/2021\\\/01\\\/benjamin_start2-2.png\",\"datePublished\":\"2021-01-31T16:28:23+00:00\",\"dateModified\":\"2026-04-29T10:59:48+00:00\",\"description\":\"Professional voice over and voice actor for commercials, web films, e-learning, audio books, IVR and much more. Also English narration with Swedish accent.\",\"breadcrumb\":{\"@id\":\"https:\\\/\\\/www.hagbergkommunikation.se\\\/en\\\/#breadcrumb\"},\"inLanguage\":\"en-US\",\"potentialAction\":[{\"@type\":\"ReadAction\",\"target\":[\"https:\\\/\\\/www.hagbergkommunikation.se\\\/en\\\/\"]}]},{\"@type\":\"ImageObject\",\"inLanguage\":\"en-US\",\"@id\":\"https:\\\/\\\/www.hagbergkommunikation.se\\\/en\\\/#primaryimage\",\"url\":\"https:\\\/\\\/www.hagbergkommunikation.se\\\/wp-content\\\/uploads\\\/2021\\\/01\\\/benjamin_start2-2.png\",\"contentUrl\":\"https:\\\/\\\/www.hagbergkommunikation.se\\\/wp-content\\\/uploads\\\/2021\\\/01\\\/benjamin_start2-2.png\"},{\"@type\":\"BreadcrumbList\",\"@id\":\"https:\\\/\\\/www.hagbergkommunikation.se\\\/en\\\/#breadcrumb\",\"itemListElement\":[{\"@type\":\"ListItem\",\"position\":1,\"name\":\"Hem\",\"item\":\"https:\\\/\\\/www.hagbergkommunikation.se\\\/en\\\/\"},{\"@type\":\"ListItem\",\"position\":2,\"name\":\"Home\"}]},{\"@type\":\"WebSite\",\"@id\":\"https:\\\/\\\/www.hagbergkommunikation.se\\\/en\\\/#website\",\"url\":\"https:\\\/\\\/www.hagbergkommunikation.se\\\/en\\\/\",\"name\":\"Hagberg kommunikation\",\"description\":\"Hur man talar betyder mycket n\u00e4r man vill n\u00e5 ut\",\"potentialAction\":[{\"@type\":\"SearchAction\",\"target\":{\"@type\":\"EntryPoint\",\"urlTemplate\":\"https:\\\/\\\/www.hagbergkommunikation.se\\\/en\\\/?s={search_term_string}\"},\"query-input\":{\"@type\":\"PropertyValueSpecification\",\"valueRequired\":true,\"valueName\":\"search_term_string\"}}],\"inLanguage\":\"en-US\"}]}<\/script>\n<!-- \/ Yoast SEO plugin. -->","yoast_head_json":{"title":"Benjamin Hagberg - Professional voice over and voice actor","description":"Professional voice over and voice actor for commercials, web films, e-learning, audio books, IVR and much more. Also English narration with Swedish accent.","robots":{"index":"index","follow":"follow","max-snippet":"max-snippet:-1","max-image-preview":"max-image-preview:large","max-video-preview":"max-video-preview:-1"},"canonical":"https:\/\/www.hagbergkommunikation.se\/en\/","og_locale":"en_US","og_type":"article","og_title":"Benjamin Hagberg - Professional voice over and voice actor","og_description":"Professional voice over and voice actor for commercials, web films, e-learning, audio books, IVR and much more. Also English narration with Swedish accent.","og_url":"https:\/\/www.hagbergkommunikation.se\/en\/","og_site_name":"Hagberg kommunikation","article_modified_time":"2026-04-29T10:59:48+00:00","og_image":[{"width":400,"height":863,"url":"https:\/\/www.hagbergkommunikation.se\/wp-content\/uploads\/2021\/01\/benjamin_start2-2.png","type":"image\/png"}],"twitter_card":"summary_large_image","twitter_misc":{"Est. reading time":"5 minutes"},"schema":{"@context":"https:\/\/schema.org","@graph":[{"@type":"WebPage","@id":"https:\/\/www.hagbergkommunikation.se\/en\/","url":"https:\/\/www.hagbergkommunikation.se\/en\/","name":"Benjamin Hagberg - Professional voice over and voice actor","isPartOf":{"@id":"https:\/\/www.hagbergkommunikation.se\/en\/#website"},"primaryImageOfPage":{"@id":"https:\/\/www.hagbergkommunikation.se\/en\/#primaryimage"},"image":{"@id":"https:\/\/www.hagbergkommunikation.se\/en\/#primaryimage"},"thumbnailUrl":"https:\/\/www.hagbergkommunikation.se\/wp-content\/uploads\/2021\/01\/benjamin_start2-2.png","datePublished":"2021-01-31T16:28:23+00:00","dateModified":"2026-04-29T10:59:48+00:00","description":"Professional voice over and voice actor for commercials, web films, e-learning, audio books, IVR and much more. Also English narration with Swedish accent.","breadcrumb":{"@id":"https:\/\/www.hagbergkommunikation.se\/en\/#breadcrumb"},"inLanguage":"en-US","potentialAction":[{"@type":"ReadAction","target":["https:\/\/www.hagbergkommunikation.se\/en\/"]}]},{"@type":"ImageObject","inLanguage":"en-US","@id":"https:\/\/www.hagbergkommunikation.se\/en\/#primaryimage","url":"https:\/\/www.hagbergkommunikation.se\/wp-content\/uploads\/2021\/01\/benjamin_start2-2.png","contentUrl":"https:\/\/www.hagbergkommunikation.se\/wp-content\/uploads\/2021\/01\/benjamin_start2-2.png"},{"@type":"BreadcrumbList","@id":"https:\/\/www.hagbergkommunikation.se\/en\/#breadcrumb","itemListElement":[{"@type":"ListItem","position":1,"name":"Hem","item":"https:\/\/www.hagbergkommunikation.se\/en\/"},{"@type":"ListItem","position":2,"name":"Home"}]},{"@type":"WebSite","@id":"https:\/\/www.hagbergkommunikation.se\/en\/#website","url":"https:\/\/www.hagbergkommunikation.se\/en\/","name":"Hagberg kommunikation","description":"Hur man talar betyder mycket n\u00e4r man vill n\u00e5 ut","potentialAction":[{"@type":"SearchAction","target":{"@type":"EntryPoint","urlTemplate":"https:\/\/www.hagbergkommunikation.se\/en\/?s={search_term_string}"},"query-input":{"@type":"PropertyValueSpecification","valueRequired":true,"valueName":"search_term_string"}}],"inLanguage":"en-US"}]}},"_links":{"self":[{"href":"https:\/\/www.hagbergkommunikation.se\/en\/wp-json\/wp\/v2\/pages\/908","targetHints":{"allow":["GET"]}}],"collection":[{"href":"https:\/\/www.hagbergkommunikation.se\/en\/wp-json\/wp\/v2\/pages"}],"about":[{"href":"https:\/\/www.hagbergkommunikation.se\/en\/wp-json\/wp\/v2\/types\/page"}],"author":[{"embeddable":true,"href":"https:\/\/www.hagbergkommunikation.se\/en\/wp-json\/wp\/v2\/users\/1"}],"replies":[{"embeddable":true,"href":"https:\/\/www.hagbergkommunikation.se\/en\/wp-json\/wp\/v2\/comments?post=908"}],"version-history":[{"count":35,"href":"https:\/\/www.hagbergkommunikation.se\/en\/wp-json\/wp\/v2\/pages\/908\/revisions"}],"predecessor-version":[{"id":1148,"href":"https:\/\/www.hagbergkommunikation.se\/en\/wp-json\/wp\/v2\/pages\/908\/revisions\/1148"}],"wp:attachment":[{"href":"https:\/\/www.hagbergkommunikation.se\/en\/wp-json\/wp\/v2\/media?parent=908"}],"curies":[{"name":"wp","href":"https:\/\/api.w.org\/{rel}","templated":true}]}}